{"id":148,"date":"2015-06-22T15:01:40","date_gmt":"2015-06-22T13:01:40","guid":{"rendered":"http:\/\/www.soscasa-onlus.it\/soscasa\/?page_id=148"},"modified":"2019-12-17T21:52:31","modified_gmt":"2019-12-17T20:52:31","slug":"chi-siamo","status":"publish","type":"page","link":"https:\/\/www.soscasa-onlus.it\/soscasa\/chi-siamo\/","title":{"rendered":"Chi Siamo"},"content":{"rendered":"<ol>\n<li style=\"text-align: center;\">Sos Casa \u00e8 amministrata da un gruppo di volontari, espressione di diverse&nbsp;associazioni e sensibilit\u00e0 sociali. Nessun membro del consiglio di amministrazione percepisce alcun compenso per l&#8217;attivit\u00e0 prestata.<\/li>\n<\/ol>\n<p><!--more--><a href=\"http:\/\/www.soscasa-onlus.it\/soscasa\/wp-content\/uploads\/2015\/11\/logo3.jpg\" data-rel=\"lightbox-image-0\" data-rl_title=\"\" data-rl_caption=\"\" title=\"\"><img decoding=\"async\" loading=\"lazy\" class=\"alignleft size-full wp-image-534\" src=\"http:\/\/www.soscasa-onlus.it\/soscasa\/wp-content\/uploads\/2015\/11\/logo3.jpg\" alt=\"logo3\" width=\"200\" height=\"126\"><\/a><\/p>\n\n\n<figure class=\"wp-block-image alignfull size-large\"><img decoding=\"async\" loading=\"lazy\" width=\"728\" height=\"389\" src=\"http:\/\/www.soscasa-onlus.it\/soscasa\/wp-content\/uploads\/2015\/06\/splashscree2.png\" alt=\"\" class=\"wp-image-35\" srcset=\"https:\/\/www.soscasa-onlus.it\/soscasa\/wp-content\/uploads\/2015\/06\/splashscree2.png 728w, https:\/\/www.soscasa-onlus.it\/soscasa\/wp-content\/uploads\/2015\/06\/splashscree2-300x160.png 300w\" sizes=\"(max-width: 728px) 100vw, 728px\" \/><\/figure>\n\n\n\n<figure class=\"wp-block-image size-large\"><img decoding=\"async\" loading=\"lazy\" width=\"714\" height=\"687\" src=\"http:\/\/www.soscasa-onlus.it\/soscasa\/wp-content\/uploads\/2015\/06\/Foto-Renato-dic13.png\" alt=\"renato-ferraro\" class=\"wp-image-219\" srcset=\"https:\/\/www.soscasa-onlus.it\/soscasa\/wp-content\/uploads\/2015\/06\/Foto-Renato-dic13.png 714w, https:\/\/www.soscasa-onlus.it\/soscasa\/wp-content\/uploads\/2015\/06\/Foto-Renato-dic13-300x289.png 300w\" sizes=\"(max-width: 714px) 100vw, 714px\" \/><figcaption>Renato Ferraro &#8211; Presidente<\/figcaption><\/figure>\n\n\n\n<figure class=\"wp-block-gallery columns-1 is-cropped wp-block-gallery-1 is-layout-flex\"><ul class=\"blocks-gallery-grid\"><li class=\"blocks-gallery-item\"><figure><img decoding=\"async\" loading=\"lazy\" width=\"1007\" height=\"1024\" src=\"http:\/\/www.soscasa-onlus.it\/soscasa\/wp-content\/uploads\/2015\/11\/nicola-5-1007x1024.jpg\" alt=\"\" data-id=\"930\" data-full-url=\"http:\/\/www.soscasa-onlus.it\/soscasa\/wp-content\/uploads\/2015\/11\/nicola-5.jpg\" data-link=\"http:\/\/www.soscasa-onlus.it\/soscasa\/2015\/11\/01\/loredana-mazzonelli\/nicola-5\/\" class=\"wp-image-930\" srcset=\"https:\/\/www.soscasa-onlus.it\/soscasa\/wp-content\/uploads\/2015\/11\/nicola-5-1007x1024.jpg 1007w, https:\/\/www.soscasa-onlus.it\/soscasa\/wp-content\/uploads\/2015\/11\/nicola-5-295x300.jpg 295w, https:\/\/www.soscasa-onlus.it\/soscasa\/wp-content\/uploads\/2015\/11\/nicola-5-768x781.jpg 768w, https:\/\/www.soscasa-onlus.it\/soscasa\/wp-content\/uploads\/2015\/11\/nicola-5-1510x1536.jpg 1510w, https:\/\/www.soscasa-onlus.it\/soscasa\/wp-content\/uploads\/2015\/11\/nicola-5.jpg 1700w\" sizes=\"(max-width: 1007px) 100vw, 1007px\" \/><figcaption class=\"blocks-gallery-item__caption\">Nicola Gasparini -Vice Presiente<\/figcaption><\/figure><\/li><\/ul><figcaption class=\"blocks-gallery-caption\">Nicola Gasparini &#8211; Vice Presidente<\/figcaption><\/figure>\n\n\n\n<figure class=\"wp-block-image size-large is-resized\"><img decoding=\"async\" loading=\"lazy\" src=\"http:\/\/www.soscasa-onlus.it\/soscasa\/wp-content\/uploads\/2015\/11\/Renzo-Fior.jpg\" alt=\"Renzo_Fior\" class=\"wp-image-321\" width=\"661\" height=\"505\" srcset=\"https:\/\/www.soscasa-onlus.it\/soscasa\/wp-content\/uploads\/2015\/11\/Renzo-Fior.jpg 436w, https:\/\/www.soscasa-onlus.it\/soscasa\/wp-content\/uploads\/2015\/11\/Renzo-Fior-300x229.jpg 300w\" sizes=\"(max-width: 661px) 100vw, 661px\" \/><figcaption>Renzo Fior &#8211; Comunit\u00e0 Emmaus Villafranca &#8211; Consigliere <\/figcaption><\/figure>\n\n\n\n<figure class=\"wp-block-image size-large is-resized\"><img decoding=\"async\" loading=\"lazy\" src=\"http:\/\/www.soscasa-onlus.it\/soscasa\/wp-content\/uploads\/2015\/11\/Paolo_Magalini.jpg\" alt=\"Paolo_Magalini\" class=\"wp-image-354\" width=\"700\" height=\"731\" srcset=\"https:\/\/www.soscasa-onlus.it\/soscasa\/wp-content\/uploads\/2015\/11\/Paolo_Magalini.jpg 536w, https:\/\/www.soscasa-onlus.it\/soscasa\/wp-content\/uploads\/2015\/11\/Paolo_Magalini-287x300.jpg 287w\" sizes=\"(max-width: 700px) 100vw, 700px\" \/><figcaption>Paolo Magalini &#8211; Consigliere<\/figcaption><\/figure>\n\n\n\n<figure class=\"wp-block-image size-large is-resized\"><img decoding=\"async\" loading=\"lazy\" src=\"http:\/\/www.soscasa-onlus.it\/soscasa\/wp-content\/uploads\/2019\/12\/41984612_10157254109859881_7176242472979267584_n-1-1.jpg\" alt=\"\" class=\"wp-image-939\" width=\"646\" height=\"646\" srcset=\"https:\/\/www.soscasa-onlus.it\/soscasa\/wp-content\/uploads\/2019\/12\/41984612_10157254109859881_7176242472979267584_n-1-1.jpg 444w, https:\/\/www.soscasa-onlus.it\/soscasa\/wp-content\/uploads\/2019\/12\/41984612_10157254109859881_7176242472979267584_n-1-1-300x300.jpg 300w, https:\/\/www.soscasa-onlus.it\/soscasa\/wp-content\/uploads\/2019\/12\/41984612_10157254109859881_7176242472979267584_n-1-1-150x150.jpg 150w, https:\/\/www.soscasa-onlus.it\/soscasa\/wp-content\/uploads\/2019\/12\/41984612_10157254109859881_7176242472979267584_n-1-1-380x380.jpg 380w\" sizes=\"(max-width: 646px) 100vw, 646px\" \/><figcaption>Stefania Marini -Consigliere<\/figcaption><\/figure>\n\n\n\n<figure class=\"wp-block-image size-large is-resized\"><img decoding=\"async\" loading=\"lazy\" src=\"http:\/\/www.soscasa-onlus.it\/soscasa\/wp-content\/uploads\/2015\/11\/Malm_Jonas.jpg\" alt=\"Jonas_Malm\" class=\"wp-image-346\" width=\"636\" height=\"598\" srcset=\"https:\/\/www.soscasa-onlus.it\/soscasa\/wp-content\/uploads\/2015\/11\/Malm_Jonas.jpg 488w, https:\/\/www.soscasa-onlus.it\/soscasa\/wp-content\/uploads\/2015\/11\/Malm_Jonas-300x282.jpg 300w\" sizes=\"(max-width: 636px) 100vw, 636px\" \/><figcaption>Malm Jonas &#8211; Consigliere<\/figcaption><\/figure>\n\n\n\n<figure class=\"wp-block-image size-large is-resized\"><img decoding=\"async\" loading=\"lazy\" src=\"http:\/\/www.soscasa-onlus.it\/soscasa\/wp-content\/uploads\/2015\/11\/Lilia_Begnoni.jpg\" alt=\"Lilia_Begnoni\" class=\"wp-image-357\" width=\"667\" height=\"672\" srcset=\"https:\/\/www.soscasa-onlus.it\/soscasa\/wp-content\/uploads\/2015\/11\/Lilia_Begnoni.jpg 528w, https:\/\/www.soscasa-onlus.it\/soscasa\/wp-content\/uploads\/2015\/11\/Lilia_Begnoni-150x150.jpg 150w, https:\/\/www.soscasa-onlus.it\/soscasa\/wp-content\/uploads\/2015\/11\/Lilia_Begnoni-298x300.jpg 298w\" sizes=\"(max-width: 667px) 100vw, 667px\" \/><figcaption>Begnoni Lilia &#8211; Consigliere<\/figcaption><\/figure>\n\n\n\n<figure class=\"wp-block-image\"><img alt=\"\"\/><\/figure>\n","protected":false},"excerpt":{"rendered":"<p>Sos Casa \u00e8 amministrata da un gruppo di volontari, espressione di diverse&nbsp;associazioni e sensibilit\u00e0 sociali. Nessun membro del consiglio di amministrazione percepisce alcun compenso per l&#8217;attivit\u00e0 prestata.<\/p>\n","protected":false},"author":1,"featured_media":387,"parent":0,"menu_order":0,"comment_status":"open","ping_status":"open","template":"","meta":{"ngg_post_thumbnail":0},"acf":[],"_links":{"self":[{"href":"https:\/\/www.soscasa-onlus.it\/soscasa\/wp-json\/wp\/v2\/pages\/148"}],"collection":[{"href":"https:\/\/www.soscasa-onlus.it\/soscasa\/wp-json\/wp\/v2\/pages"}],"about":[{"href":"https:\/\/www.soscasa-onlus.it\/soscasa\/wp-json\/wp\/v2\/types\/page"}],"author":[{"embeddable":true,"href":"https:\/\/www.soscasa-onlus.it\/soscasa\/wp-json\/wp\/v2\/users\/1"}],"replies":[{"embeddable":true,"href":"https:\/\/www.soscasa-onlus.it\/soscasa\/wp-json\/wp\/v2\/comments?post=148"}],"version-history":[{"count":6,"href":"https:\/\/www.soscasa-onlus.it\/soscasa\/wp-json\/wp\/v2\/pages\/148\/revisions"}],"predecessor-version":[{"id":949,"href":"https:\/\/www.soscasa-onlus.it\/soscasa\/wp-json\/wp\/v2\/pages\/148\/revisions\/949"}],"wp:featuredmedia":[{"embeddable":true,"href":"https:\/\/www.soscasa-onlus.it\/soscasa\/wp-json\/wp\/v2\/media\/387"}],"wp:attachment":[{"href":"https:\/\/www.soscasa-onlus.it\/soscasa\/wp-json\/wp\/v2\/media?parent=148"}],"curies":[{"name":"wp","href":"https:\/\/api.w.org\/{rel}","templated":true}]}}